{"id":24,"date":"2009-08-11T10:33:11","date_gmt":"2009-08-11T08:33:11","guid":{"rendered":"http:\/\/bbse.hu\/wp\/?page_id=24"},"modified":"2009-08-11T10:33:11","modified_gmt":"2009-08-11T08:33:11","slug":"elerhetosegeink","status":"publish","type":"page","link":"https:\/\/bbse.hu\/wp\/elerhetosegeink\/","title":{"rendered":"El\u00e9rhet\u0151s\u00e9geink"},"content":{"rendered":"<table id=\"alap_table\" border=\"0\">\n<tbody>\n<tr>\n<th colspan=\"3\">Az egyes\u00fclet neve<\/th>\n<\/tr>\n<tr>\n<td colspan=\"3\">Bakonycsernyei B\u00e1ny\u00e1sz Sport Egyes\u00fclet<\/td>\n<\/tr>\n<tr>\n<th colspan=\"3\">C\u00edm<\/th>\n<\/tr>\n<tr>\n<td colspan=\"3\">8056 Bakonycsernye Bercs\u00e9nyi utca 1325\/6. hrsz.<\/td>\n<\/tr>\n<tr>\n<th colspan=\"3\">K\u00f6zponti email<\/th>\n<\/tr>\n<tr>\n<td colspan=\"3\">bbse@bbse.hu<\/td>\n<\/tr>\n<tr>\n<th colspan=\"3\">Labdar\u00fag\u00f3 Szakoszt\u00e1ly<\/th>\n<\/tr>\n<tr>\n<td>Osgy\u00e1n G\u00e1bor<\/td>\n<td>06 20 669 7326<\/td>\n<td>osgyang@gmail.com<\/td>\n<\/tr>\n<tr>\n<th colspan=\"3\">Ifj\u00fas\u00e1gi Labdar\u00fag\u00f3 Szakoszt\u00e1ly<\/th>\n<\/tr>\n<tr>\n<td><\/td>\n<td><\/td>\n<td><\/td>\n<\/tr>\n<tr>\n<th colspan=\"3\">Honlappal kapcsolatban<\/th>\n<\/tr>\n<tr>\n<td>Fr\u00e1ter Attila<\/td>\n<td>06 20 535 8894<\/td>\n<td>frater_attila@gartel.hu<\/td>\n<\/tr>\n<\/tbody>\n<\/table>\n<div id=\"wp_fb_like_button\" style=\"margin:5px 0 5px 5px;float:right;height:10px;\"><script src=\"http:\/\/connect.facebook.net\/en_US\/all.js#xfbml=1\"><\/script><fb:like href=\"https:\/\/bbse.hu\/wp\/elerhetosegeink\/\" send=\"false\" layout=\"standard\" width=\"450\" show_faces=\"true\" font=\"arial\" action=\"like\" colorscheme=\"light\"><\/fb:like><\/div>","protected":false},"excerpt":{"rendered":"<p>Az egyes\u00fclet neve Bakonycsernyei B\u00e1ny\u00e1sz Sport Egyes\u00fclet C\u00edm 8056 Bakonycsernye Bercs\u00e9nyi utca 1325\/6. hrsz. K\u00f6zponti email bbse@bbse.hu Labdar\u00fag\u00f3 Szakoszt\u00e1ly Osgy\u00e1n G\u00e1bor 06 20 669 7326 osgyang@gmail.com Ifj\u00fas\u00e1gi Labdar\u00fag\u00f3 Szakoszt\u00e1ly Honlappal kapcsolatban Fr\u00e1ter Attila 06 20 535 8894 frater_attila@gartel.hu<\/p>\n<p class=\"continue-reading-button\"> <a class=\"continue-reading-link\" href=\"https:\/\/bbse.hu\/wp\/elerhetosegeink\/\">Elolvasom<i class=\"crycon-right-dir\"><\/i><\/a><\/p>\n","protected":false},"author":1,"featured_media":0,"parent":0,"menu_order":0,"comment_status":"open","ping_status":"open","template":"","meta":{"footnotes":""},"class_list":["post-24","page","type-page","status-publish","hentry"],"_links":{"self":[{"href":"https:\/\/bbse.hu\/wp\/wp-json\/wp\/v2\/pages\/24","targetHints":{"allow":["GET"]}}],"collection":[{"href":"https:\/\/bbse.hu\/wp\/wp-json\/wp\/v2\/pages"}],"about":[{"href":"https:\/\/bbse.hu\/wp\/wp-json\/wp\/v2\/types\/page"}],"author":[{"embeddable":true,"href":"https:\/\/bbse.hu\/wp\/wp-json\/wp\/v2\/users\/1"}],"replies":[{"embeddable":true,"href":"https:\/\/bbse.hu\/wp\/wp-json\/wp\/v2\/comments?post=24"}],"version-history":[{"count":0,"href":"https:\/\/bbse.hu\/wp\/wp-json\/wp\/v2\/pages\/24\/revisions"}],"wp:attachment":[{"href":"https:\/\/bbse.hu\/wp\/wp-json\/wp\/v2\/media?parent=24"}],"curies":[{"name":"wp","href":"https:\/\/api.w.org\/{rel}","templated":true}]}}